{"id":139,"date":"2025-12-26T20:16:21","date_gmt":"2025-12-26T19:16:21","guid":{"rendered":"https:\/\/laskowskilukasz.pl\/?page_id=139"},"modified":"2025-12-28T21:12:24","modified_gmt":"2025-12-28T20:12:24","slug":"o-mnie","status":"publish","type":"page","link":"https:\/\/laskowskilukasz.pl\/?page_id=139","title":{"rendered":"O mnie"},"content":{"rendered":"\n\n\t<section class=\"section\" id=\"section_354202663\">\n\t\t<div class=\"section-bg fill\" >\n\t\t\t<img loading=\"lazy\" decoding=\"async\" width=\"1600\" height=\"720\" src=\"https:\/\/laskowskilukasz.pl\/wp-content\/uploads\/2025\/12\/Ukasz.png\" class=\"bg attachment-original size-original\" alt=\"\" \/>\t\t\t\t\t\t\n\t\t\t\n\n\t\t<\/div>\n\n\t\t\n\n\t\t<div class=\"section-content relative\">\n\t\t\t\n\n\n\t\t<\/div>\n\n\t\t\n<style>\n#section_354202663 {\n  padding-top: 30px;\n  padding-bottom: 30px;\n  min-height: 250px;\n}\n#section_354202663 .section-bg img {\n  object-position: 50% 31%;\n}\n@media (min-width:550px) {\n  #section_354202663 {\n    min-height: 525px;\n  }\n}\n<\/style>\n\t<\/section>\n\t\n\n\t<section class=\"section\" id=\"section_404794812\">\n\t\t<div class=\"section-bg fill\" >\n\t\t\t\t\t\t\t\t\t\n\t\t\t\n\n\t\t<\/div>\n\n\t\t\n\n\t\t<div class=\"section-content relative\">\n\t\t\t\n\n\t<div id=\"gap-801426104\" class=\"gap-element clearfix\" style=\"display:block; height:auto;\">\n\t\t\n<style>\n#gap-801426104 {\n  padding-top: 20px;\n}\n@media (min-width:550px) {\n  #gap-801426104 {\n    padding-top: 40px;\n  }\n}\n<\/style>\n\t<\/div>\n\t\n\n<div class=\"row\"  id=\"row-1556748387\">\n\n\n\t<div id=\"col-211619511\" class=\"col medium-4 small-12 large-4\"  >\n\t\t\t\t<div class=\"col-inner\"  >\n\t\t\t\n\t\t\t\n\n\t<div id=\"gap-1217772691\" class=\"gap-element clearfix hide-for-medium\" style=\"display:block; height:auto;\">\n\t\t\n<style>\n#gap-1217772691 {\n  padding-top: 10px;\n}\n<\/style>\n\t<\/div>\n\t\n\n\t<div id=\"text-2466202361\" class=\"text\">\n\t\t\n\n<h3>O mnie<\/h3>\n\t\t\n<style>\n#text-2466202361 {\n  font-size: 1.75rem;\n  line-height: 1.25;\n  color: rgb(0,0,0);\n}\n#text-2466202361 > * {\n  color: rgb(0,0,0);\n}\n@media (min-width:850px) {\n  #text-2466202361 {\n    line-height: 0.75;\n  }\n}\n<\/style>\n\t<\/div>\n\t\n\t<div id=\"text-763364670\" class=\"text\">\n\t\t\n\n<h4 class=\"thin-font\"><span data-text-color=\"success\"><strong>Czyli dlaczego i po co?<\/strong><\/span><\/h4>\n\t\t\n<style>\n#text-763364670 {\n  font-size: 0.9rem;\n  line-height: 1.25;\n}\n@media (min-width:850px) {\n  #text-763364670 {\n    line-height: 1;\n  }\n}\n<\/style>\n\t<\/div>\n\t\n\n\t\t<\/div>\n\t\t\t\t\n<style>\n#col-211619511 > .col-inner {\n  margin: 0px 0px -20px 0px;\n}\n<\/style>\n\t<\/div>\n\n\t\n\n\t<div id=\"col-299922783\" class=\"col medium-8 small-12 large-8\"  >\n\t\t\t\t<div class=\"col-inner\"  >\n\t\t\t\n\t\t\t\n\n\t<div id=\"text-3126639645\" class=\"text\">\n\t\t\n\n<p>Fotografia ptak\u00f3w i przyrody to dla mnie co\u015b wi\u0119cej ni\u017c rejestrowanie obraz\u00f3w. To spos\u00f3b na zwolnienie w \u015bwiecie, kt\u00f3ry nieustannie przyspiesza. W terenie ucz\u0119 si\u0119 cierpliwo\u015bci, uwa\u017cno\u015bci i pokory \u2014 bo natura nie dzia\u0142a na \u017c\u0105danie. Ptak nie \u201epozuje\u201d, \u015bwiat\u0142o nie czeka, a&nbsp; najlepsze chwile zdarzaj\u0105 si\u0119 tylko wtedy, gdy naprawd\u0119 jestem obecny. Aparat staje si\u0119 pretekstem do bycia bli\u017cej, do s\u0142uchania i obserwowania samej natury w jej czystej postaci.<\/p>\n\t\t\n<style>\n#text-3126639645 {\n  font-size: 1.1rem;\n  line-height: 1.85;\n  color: #121518;\n}\n#text-3126639645 > * {\n  color: #121518;\n}\n<\/style>\n\t<\/div>\n\t\n\n\t\t<\/div>\n\t\t\t\t\n<style>\n#col-299922783 > .col-inner {\n  padding: 20px 0px 0px 0px;\n}\n<\/style>\n\t<\/div>\n\n\t\n\n<\/div>\n\n\t\t<\/div>\n\n\t\t\n<style>\n#section_404794812 {\n  padding-top: 30px;\n  padding-bottom: 30px;\n  background-color: rgb(255, 250, 229);\n}\n<\/style>\n\t<\/section>\n\t\n\n","protected":false},"excerpt":{"rendered":"","protected":false},"author":1,"featured_media":0,"parent":66,"menu_order":0,"comment_status":"closed","ping_status":"closed","template":"page-single-page-nav-transparent-light.php","meta":{"advanced_seo_description":"","jetpack_seo_html_title":"","jetpack_seo_noindex":false,"footnotes":""},"class_list":["post-139","page","type-page","status-publish","hentry"],"jetpack_sharing_enabled":true,"_links":{"self":[{"href":"https:\/\/laskowskilukasz.pl\/index.php?rest_route=\/wp\/v2\/pages\/139","targetHints":{"allow":["GET"]}}],"collection":[{"href":"https:\/\/laskowskilukasz.pl\/index.php?rest_route=\/wp\/v2\/pages"}],"about":[{"href":"https:\/\/laskowskilukasz.pl\/index.php?rest_route=\/wp\/v2\/types\/page"}],"author":[{"embeddable":true,"href":"https:\/\/laskowskilukasz.pl\/index.php?rest_route=\/wp\/v2\/users\/1"}],"replies":[{"embeddable":true,"href":"https:\/\/laskowskilukasz.pl\/index.php?rest_route=%2Fwp%2Fv2%2Fcomments&post=139"}],"version-history":[{"count":11,"href":"https:\/\/laskowskilukasz.pl\/index.php?rest_route=\/wp\/v2\/pages\/139\/revisions"}],"predecessor-version":[{"id":638,"href":"https:\/\/laskowskilukasz.pl\/index.php?rest_route=\/wp\/v2\/pages\/139\/revisions\/638"}],"up":[{"embeddable":true,"href":"https:\/\/laskowskilukasz.pl\/index.php?rest_route=\/wp\/v2\/pages\/66"}],"wp:attachment":[{"href":"https:\/\/laskowskilukasz.pl\/index.php?rest_route=%2Fwp%2Fv2%2Fmedia&parent=139"}],"curies":[{"name":"wp","href":"https:\/\/api.w.org\/{rel}","templated":true}]}}