{"id":1082,"date":"2026-02-15T17:30:03","date_gmt":"2026-02-15T16:30:03","guid":{"rendered":"https:\/\/laskowskilukasz.pl\/?page_id=1082"},"modified":"2026-02-18T13:44:51","modified_gmt":"2026-02-18T12:44:51","slug":"wsparcie","status":"publish","type":"page","link":"https:\/\/laskowskilukasz.pl\/?page_id=1082","title":{"rendered":"WSPARCIE"},"content":{"rendered":"\n\n\t<section class=\"section dark\" id=\"section_449493483\">\n\t\t<div class=\"section-bg fill\" >\n\t\t\t\t\t\t\t\t\t<div class=\"section-bg-overlay absolute fill\"><\/div>\n\t\t\t\n\n\t\t<\/div>\n\n\t\t\n\n\t\t<div class=\"section-content relative\">\n\t\t\t\n\n\n  <div class=\"banner has-hover\" id=\"banner-2095346593\">\n          <div class=\"banner-inner fill\">\n        <div class=\"banner-bg fill\" >\n                                                \n                    <\/div>\n\t\t\n        <div class=\"banner-layers container\">\n            <div class=\"fill banner-link\"><\/div>            \n\n   <div id=\"text-box-350256092\" class=\"text-box banner-layer x0 md-x0 lg-x0 y5 md-y5 lg-y5 res-text\">\n                                <div class=\"text-box-content text dark\">\n              \n              <div class=\"text-inner text-center\">\n                  \n\n\t<div id=\"text-1279494173\" class=\"text\">\n\t\t\n\n<h4 class=\"thin-font\" style=\"text-align: left;\">CZE\u015a\u0106<\/h4>\n<p style=\"text-align: left;\">To ja, cz\u0142owiek, kt\u00f3ry potrafi godzinami sta\u0107 bez ruchu, bo \u201eza chwil\u0119 b\u0119dzie idealnie\u201d. Fotograf ptak\u00f3w, kolekcjoner skrzyde\u0142 w kadrach i specjalista od rozm\u00f3w z czapl\u0105, kt\u00f3ra i tak mnie ignoruje. Je\u015bli moje zdj\u0119cia poprawiaj\u0105 Ci humor, inspiruj\u0105 do spojrzenia na natur\u0119 inaczej, sprawiaj\u0105, \u017ce zatrzymujesz si\u0119 na chwil\u0119 to mo\u017cesz wesprze\u0107 moj\u0105 tw\u00f3rczo\u015b\u0107, stawiaj\u0105c mi kaw\u0119 \u2615<\/p>\n<p class=\"thin-font\" style=\"text-align: left;\">Twoja kawa to realne wsparcie:<br \/>\u2013 rozw\u00f3j sprz\u0119tu<br \/>\u2013 kolejne wyprawy<br \/>\u2013 jeszcze wi\u0119cej dopracowanych kadr\u00f3w<br \/>\u2013 i nast\u0119pny kalendarz \ud83d\ude42<\/p>\n\t\t\n<style>\n#text-1279494173 {\n  font-size: 1rem;\n  line-height: 1.45;\n}\n<\/style>\n\t<\/div>\n\t\n\t<div id=\"gap-1715586771\" class=\"gap-element clearfix\" style=\"display:block; height:auto;\">\n\t\t\n<style>\n#gap-1715586771 {\n  padding-top: 30px;\n}\n<\/style>\n\t<\/div>\n\t\n\n\n              <\/div>\n           <\/div>\n                            \n<style>\n#text-box-350256092 {\n  width: 90%;\n}\n#text-box-350256092 .text-box-content {\n  font-size: 100%;\n}\n<\/style>\n    <\/div>\n \n\n        <\/div>\n      <\/div>\n\n            \n<style>\n#banner-2095346593 {\n  padding-top: 311px;\n  background-color: rgb(0,0,0);\n}\n<\/style>\n  <\/div>\n\n\n\n\t\t<\/div>\n\n\t\t\n<style>\n#section_449493483 {\n  padding-top: 0px;\n  padding-bottom: 0px;\n  background-color: rgb(64, 64, 64);\n}\n#section_449493483 .section-bg-overlay {\n  background-color: rgba(0, 0, 0, 0.7);\n}\n<\/style>\n\t<\/section>\n\t\n<div class=\"row\"  id=\"row-1842910373\">\n\n\n\t<div id=\"col-1944342000\" class=\"col medium-6 small-12 large-6\"  >\n\t\t\t\t<div class=\"col-inner\"  >\n\t\t\t\n\t\t\t\n\n\t<div id=\"text-965246448\" class=\"text\">\n\t\t\n\n<p style=\"text-align: left;\">Je\u015bli masz ochot\u0119 dorzuci\u0107 swoj\u0105 fili\u017cank\u0119 \u2014 b\u0119dzie mi ogromnie mi\u0142o. <br \/>To te\u017c dla mnie sygna\u0142: \u201eR\u00f3b dalej swoje ptasie czary\u201d. <br \/>Ogromnie dzi\u0119kuj\u0119 wszystkim, kt\u00f3rzy ju\u017c mnie wsparli. <br \/>Ka\u017cda postawiona kawa to nie tylko kofeina, ale te\u017c motywacja, <br \/>u\u015bmiech i poczucie, \u017ce ta skrzydlata pasja ma sens.<\/p>\n\t\t\n<style>\n#text-965246448 {\n  font-size: 1rem;\n  line-height: 1.65;\n}\n<\/style>\n\t<\/div>\n\t\n\n\t\t<\/div>\n\t\t\t\t\t<\/div>\n\n\t\n\n\t<div id=\"col-1953078476\" class=\"col medium-6 small-12 large-6\"  >\n\t\t\t\t<div class=\"col-inner\"  >\n\t\t\t\n\t\t\t\n\n\n\n<div style=\"width: 100%; max-width: 467px; font-family: Arial, sans-serif;\"> <div style=\" box-sizing: border-box; background-color: #FFFFFF; padding: 12px; border-radius: 16px; box-shadow: 0 0 rgba(0,0,0,0), 0 0 rgba(0,0,0,0), 0 10px 15px -3px rgba(0, 0, 0, 0.1), 0 4px 6px -4px rgba(0, 0, 0, 0.1); width: 100%; background-color: #FFFFFF; color: #000000DE; text-align: center; \" > <h3 style=\"font-size: 14px; font-weight: 600; line-height: 1.5; color: #000000DE; margin: 0;\"> Postaw kaw\u0119 za: <\/h3> <\/div> <div style=\"display: flex; gap: 8px; margin-top: 12px; justify-content: center;\"> <a href=\"https:\/\/buycoffee.to\/lukasztango?coffeeSize=small\" style=\" display: flex; flex-direction: column; justify-content: center; align-items: center; padding: 12px; border-radius: 16px; box-shadow: 0 0 rgba(0,0,0,0), 0 0 rgba(0,0,0,0), 0 10px 15px -3px rgba(0, 0, 0, 0.1), 0 4px 6px -4px rgba(0, 0, 0, 0.1); width: 100%; text-align: center; background-color: #FFFFFF; color: #000000DE; text-decoration: none; \" target=\"_blank\" title=\"Postaw kaw\u0119 za: 10 z\u0142\" > <img decoding=\"async\" src=\"https:\/\/buycoffee.to\/static\/img\/icons\/coffee-small.svg\" alt=\"small coffee icon\" style=\"width: 31px; height: 31px;\" \/> <span style=\"font-size: 14px; font-weight: 700; margin-top: 8px; line-height: 1.5;\"> 10 z\u0142 <\/span> <\/a> <a href=\"https:\/\/buycoffee.to\/lukasztango?coffeeSize=medium\" style=\" display: flex; flex-direction: column; justify-content: center; align-items: center; padding: 12px; border-radius: 16px; box-shadow: 0 0 rgba(0,0,0,0), 0 0 rgba(0,0,0,0), 0 10px 15px -3px rgba(0, 0, 0, 0.1), 0 4px 6px -4px rgba(0, 0, 0, 0.1); width: 100%; text-align: center; background-color: #FFFFFF; color: #000000DE; text-decoration: none; \" target=\"_blank\" title=\"Postaw kaw\u0119 za: 20 z\u0142\" > <img decoding=\"async\" src=\"https:\/\/buycoffee.to\/static\/img\/icons\/coffee-medium.svg\" alt=\"medium coffee icon\" style=\"width: 31px; height: 31px;\" \/> <span style=\"font-size: 14px; font-weight: 700; margin-top: 8px; line-height: 1.5;\"> 20 z\u0142 <\/span> <\/a> <a href=\"https:\/\/buycoffee.to\/lukasztango?coffeeSize=large\" style=\" display: flex; flex-direction: column; justify-content: center; align-items: center; padding: 12px; border-radius: 16px; box-shadow: 0 0 rgba(0,0,0,0), 0 0 rgba(0,0,0,0), 0 10px 15px -3px rgba(0, 0, 0, 0.1), 0 4px 6px -4px rgba(0, 0, 0, 0.1); width: 100%; text-align: center; background-color: #FFFFFF; color: #000000DE; text-decoration: none; \" target=\"_blank\" title=\"Postaw kaw\u0119 za: 30 z\u0142\" > <img decoding=\"async\" src=\"https:\/\/buycoffee.to\/static\/img\/icons\/coffee-large.svg\" alt=\"large coffee icon\" style=\"width: 31px; height: 31px;\" \/> <span style=\"font-size: 14px; font-weight: 700; margin-top: 8px; line-height: 1.5;\"> 30 z\u0142 <\/span> <\/a> <\/div> <\/div>\n\n\n\t\t<\/div>\n\t\t\t\t\t<\/div>\n\n\t\n\n<\/div>\n\n\t<section class=\"section\" id=\"section_502219940\">\n\t\t<div class=\"section-bg fill\" >\n\t\t\t\t\t\t\t\t\t<div class=\"effect-sparkle bg-effect fill no-click\"><\/div>\n\t\t\t\n\n\t\t<\/div>\n\n\t\t\n\n\t\t<div class=\"section-content relative\">\n\t\t\t\n\n<div class=\"row align-center\"  id=\"row-997914722\">\n\n\n\t<div id=\"col-1998614847\" class=\"col medium-10 small-12 large-10\"  >\n\t\t\t\t<div class=\"col-inner text-center\"  >\n\t\t\t\n\t\t\t\n\n\t<div class=\"img has-hover x md-x lg-x y md-y lg-y\" id=\"image_750624167\">\n\t\t<a class=\"\" href=\"http:\/\/buycoffee.to\/lukasztango\" target=\"_blank\" rel=\"noopener\" >\t\t\t\t\t\t<div class=\"img-inner dark\" >\n\t\t\t<img loading=\"lazy\" decoding=\"async\" width=\"768\" height=\"541\" src=\"https:\/\/laskowskilukasz.pl\/wp-content\/uploads\/2026\/02\/kawa-LukaszTango1-768x541.png\" class=\"attachment-medium_large size-medium_large\" alt=\"\" srcset=\"https:\/\/laskowskilukasz.pl\/wp-content\/uploads\/2026\/02\/kawa-LukaszTango1-768x541.png 768w, https:\/\/laskowskilukasz.pl\/wp-content\/uploads\/2026\/02\/kawa-LukaszTango1-300x211.png 300w, https:\/\/laskowskilukasz.pl\/wp-content\/uploads\/2026\/02\/kawa-LukaszTango1-1024x721.png 1024w, https:\/\/laskowskilukasz.pl\/wp-content\/uploads\/2026\/02\/kawa-LukaszTango1-1536x1082.png 1536w, https:\/\/laskowskilukasz.pl\/wp-content\/uploads\/2026\/02\/kawa-LukaszTango1.png 2000w\" sizes=\"auto, (max-width: 768px) 100vw, 768px\" \/>\t\t\t\t\t\t\n\t\t\t\t\t<\/div>\n\t\t\t\t\t\t<\/a>\t\t\n<style>\n#image_750624167 {\n  width: 65%;\n}\n<\/style>\n\t<\/div>\n\t\n\n\n\t\t<\/div>\n\t\t\t\t\t<\/div>\n\n\t\n\n<\/div>\n\n\t\t<\/div>\n\n\t\t\n<style>\n#section_502219940 {\n  padding-top: 60px;\n  padding-bottom: 60px;\n  min-height: 300px;\n  background-color: rgb(0,0,0);\n}\n<\/style>\n\t<\/section>\n\t\n\n","protected":false},"excerpt":{"rendered":"","protected":false},"author":1,"featured_media":0,"parent":0,"menu_order":0,"comment_status":"closed","ping_status":"closed","template":"page-blank.php","meta":{"advanced_seo_description":"","jetpack_seo_html_title":"","jetpack_seo_noindex":false,"footnotes":""},"class_list":["post-1082","page","type-page","status-publish","hentry"],"jetpack_sharing_enabled":true,"_links":{"self":[{"href":"https:\/\/laskowskilukasz.pl\/index.php?rest_route=\/wp\/v2\/pages\/1082","targetHints":{"allow":["GET"]}}],"collection":[{"href":"https:\/\/laskowskilukasz.pl\/index.php?rest_route=\/wp\/v2\/pages"}],"about":[{"href":"https:\/\/laskowskilukasz.pl\/index.php?rest_route=\/wp\/v2\/types\/page"}],"author":[{"embeddable":true,"href":"https:\/\/laskowskilukasz.pl\/index.php?rest_route=\/wp\/v2\/users\/1"}],"replies":[{"embeddable":true,"href":"https:\/\/laskowskilukasz.pl\/index.php?rest_route=%2Fwp%2Fv2%2Fcomments&post=1082"}],"version-history":[{"count":6,"href":"https:\/\/laskowskilukasz.pl\/index.php?rest_route=\/wp\/v2\/pages\/1082\/revisions"}],"predecessor-version":[{"id":1097,"href":"https:\/\/laskowskilukasz.pl\/index.php?rest_route=\/wp\/v2\/pages\/1082\/revisions\/1097"}],"wp:attachment":[{"href":"https:\/\/laskowskilukasz.pl\/index.php?rest_route=%2Fwp%2Fv2%2Fmedia&parent=1082"}],"curies":[{"name":"wp","href":"https:\/\/api.w.org\/{rel}","templated":true}]}}